{"id":917,"date":"2023-10-04T01:09:47","date_gmt":"2023-10-03T23:09:47","guid":{"rendered":"https:\/\/alarcosrl.com\/?page_id=917"},"modified":"2023-10-04T04:40:24","modified_gmt":"2023-10-04T02:40:24","slug":"sobrenosotros","status":"publish","type":"page","link":"https:\/\/alarcosrl.com\/index.php\/sobrenosotros\/","title":{"rendered":"\u00bfQuienes Somos?"},"content":{"rendered":"<div id=\"pl-gb917-6a01cda68ced5\"  class=\"panel-layout\" ><div id=\"pg-gb917-6a01cda68ced5-0\"  class=\"panel-grid panel-no-style\" ><div id=\"pgc-gb917-6a01cda68ced5-0-0\"  class=\"panel-grid-cell\" ><div id=\"panel-gb917-6a01cda68ced5-0-0-0\" class=\"so-panel widget widget_text panel-first-child\" data-index=\"0\" ><div class=\"flash_inherit_color panel-widget-style panel-widget-style-for-gb917-6a01cda68ced5-0-0-0\" >\t\t\t<div class=\"textwidget\"><p>Damos forma a un futuro sostenible desde el 1 de diciembre de 2021. Nos dedicamos a la producci\u00f3n industrial y comercializaci\u00f3n de envases de papel, cartulina y pl\u00e1stico, artes gr\u00e1ficas, productos qu\u00edmicos y textiles, todo impulsado por los principios de la econom\u00eda circular. Nuestra misi\u00f3n es clara: ser guardianes responsables del medio ambiente. Trabajamos para minimizar nuestro impacto ecol\u00f3gico y maximizar la reutilizaci\u00f3n de recursos.<\/p>\n<p>&nbsp;<\/p>\n<\/div>\n\t\t<\/div><\/div><div id=\"panel-gb917-6a01cda68ced5-0-0-1\" class=\"so-panel widget widget_themegrill_flash_heading tg-widget section-title-wrapper\" data-index=\"1\" ><div class=\"flash_inherit_color panel-widget-style panel-widget-style-for-gb917-6a01cda68ced5-0-0-1\" >\t<h3 class=\"section-title\">Misi\u00f3n<\/h3>\n<\/div><\/div><div id=\"panel-gb917-6a01cda68ced5-0-0-2\" class=\"so-panel widget widget_text\" data-index=\"2\" ><div class=\"flash_inherit_color panel-widget-style panel-widget-style-for-gb917-6a01cda68ced5-0-0-2\" >\t\t\t<div class=\"textwidget\"><p>Liderar la industria de la producci\u00f3n y comercializaci\u00f3n de envases biodegradables de papel y pl\u00e1stico reciclado, artes gr\u00e1ficas, productos qu\u00edmicos y textiles, estableciendo un est\u00e1ndar de excelencia inquebrantable. Nos esforzamos por ofrecer soluciones innovadoras y sostenibles que satisfagan las necesidades de nuestros clientes. A trav\u00e9s de la calidad, la responsabilidad ambiental y el compromiso con la satisfacci\u00f3n del cliente.<\/p>\n<p>&nbsp;<\/p>\n<\/div>\n\t\t<\/div><\/div><div id=\"panel-gb917-6a01cda68ced5-0-0-3\" class=\"so-panel widget widget_themegrill_flash_heading tg-widget section-title-wrapper\" data-index=\"3\" ><div class=\"flash_inherit_color panel-widget-style panel-widget-style-for-gb917-6a01cda68ced5-0-0-3\" >\t<h3 class=\"section-title\">Visi\u00f3n<\/h3>\n<\/div><\/div><div id=\"panel-gb917-6a01cda68ced5-0-0-4\" class=\"so-panel widget widget_text panel-last-child\" data-index=\"4\" ><div class=\"flash_inherit_color panel-widget-style panel-widget-style-for-gb917-6a01cda68ced5-0-0-4\" >\t\t\t<div class=\"textwidget\"><p>Convertirnos en el referente indiscutible en el mercado de envases en Cuba. Ser reconocidos como l\u00edderes en innovaci\u00f3n, calidad y sostenibilidad, llegando a ser la opci\u00f3n preferida por empresas locales e internacionales, marcando la pauta en la industria y sirviendo como ejemplo de excelencia en todo momento.<\/p>\n<\/div>\n\t\t<\/div><\/div><\/div><\/div><div id=\"pg-gb917-6a01cda68ced5-1\"  class=\"panel-grid panel-no-style\" ><div id=\"pgc-gb917-6a01cda68ced5-1-0\"  class=\"panel-grid-cell\" ><div id=\"panel-gb917-6a01cda68ced5-1-0-0\" class=\"so-panel widget widget_themegrill_flash_heading tg-widget section-title-wrapper panel-first-child panel-last-child\" data-index=\"5\" ><div class=\"flash_inherit_color panel-widget-style panel-widget-style-for-gb917-6a01cda68ced5-1-0-0\" >\t<h3 class=\"section-title\">Sostenibilidad<\/h3>\n\t<div class=\"section-description\">Tenemos un compromiso inquebrantable con la sostenibilidad ambiental, centrado en la reducci\u00f3n de residuos, la reutilizaci\u00f3n de recursos y la minimizaci\u00f3n del impacto ecol\u00f3gico.<\/div>\n<\/div><\/div><\/div><div id=\"pgc-gb917-6a01cda68ced5-1-1\"  class=\"panel-grid-cell\" ><div id=\"panel-gb917-6a01cda68ced5-1-1-0\" class=\"so-panel widget widget_themegrill_flash_heading tg-widget section-title-wrapper panel-first-child panel-last-child\" data-index=\"6\" ><div class=\"flash_inherit_color panel-widget-style panel-widget-style-for-gb917-6a01cda68ced5-1-1-0\" >\t<h3 class=\"section-title\">Responsabilidad ambiental<\/h3>\n\t<div class=\"section-description\">Actuamos de manera responsable para proteger y preservar el medio ambiente, tomando medidas proactivas para mitigar cualquier impacto negativo.<\/div>\n<\/div><\/div><\/div><div id=\"pgc-gb917-6a01cda68ced5-1-2\"  class=\"panel-grid-cell\" ><div id=\"panel-gb917-6a01cda68ced5-1-2-0\" class=\"so-panel widget widget_themegrill_flash_heading tg-widget section-title-wrapper panel-first-child panel-last-child\" data-index=\"7\" ><div class=\"flash_inherit_color panel-widget-style panel-widget-style-for-gb917-6a01cda68ced5-1-2-0\" >\t<h3 class=\"section-title\">Innovaci\u00f3n continua<\/h3>\n\t<div class=\"section-description\">Fomentamos la innovaci\u00f3n constante para desarrollar productos y procesos m\u00e1s sostenibles y eficientes.<\/div>\n<\/div><\/div><\/div><\/div><div id=\"pg-gb917-6a01cda68ced5-2\"  class=\"panel-grid panel-no-style\" ><div id=\"pgc-gb917-6a01cda68ced5-2-0\"  class=\"panel-grid-cell\" ><div id=\"panel-gb917-6a01cda68ced5-2-0-0\" class=\"so-panel widget widget_themegrill_flash_heading tg-widget section-title-wrapper panel-first-child panel-last-child\" data-index=\"8\" ><div class=\"flash_inherit_color panel-widget-style panel-widget-style-for-gb917-6a01cda68ced5-2-0-0\" >\t<h3 class=\"section-title\">Calidad y excelencia<\/h3>\n\t<div class=\"section-description\">Mantenemos altos est\u00e1ndares de calidad en todos los productos y servicios ofrecidos para garantizar la satisfacci\u00f3n del cliente.<\/div>\n<\/div><\/div><\/div><div id=\"pgc-gb917-6a01cda68ced5-2-1\"  class=\"panel-grid-cell\" ><div id=\"panel-gb917-6a01cda68ced5-2-1-0\" class=\"so-panel widget widget_themegrill_flash_heading tg-widget section-title-wrapper panel-first-child panel-last-child\" data-index=\"9\" ><div class=\"flash_inherit_color panel-widget-style panel-widget-style-for-gb917-6a01cda68ced5-2-1-0\" >\t<h3 class=\"section-title\">Colaboraci\u00f3n<\/h3>\n\t<div class=\"section-description\">Trabajamos en estrecha colaboraci\u00f3n con clientes, proveedores y otras partes interesadas para promover la econom\u00eda circular y crear soluciones compartidas.<\/div>\n<\/div><\/div><\/div><div id=\"pgc-gb917-6a01cda68ced5-2-2\"  class=\"panel-grid-cell\" ><div id=\"panel-gb917-6a01cda68ced5-2-2-0\" class=\"so-panel widget widget_themegrill_flash_heading tg-widget section-title-wrapper panel-first-child panel-last-child\" data-index=\"10\" ><div class=\"flash_inherit_color panel-widget-style panel-widget-style-for-gb917-6a01cda68ced5-2-2-0\" >\t<h3 class=\"section-title\">\u00c9tica empresarial<\/h3>\n\t<div class=\"section-description\">Estamos comprometidos con la \u00e9tica y la integridad en todas las operaciones comerciales y decisiones corporativas.<\/div>\n<\/div><\/div><\/div><\/div><div id=\"pg-gb917-6a01cda68ced5-3\"  class=\"panel-grid panel-no-style\" ><div id=\"pgc-gb917-6a01cda68ced5-3-0\"  class=\"panel-grid-cell\" ><div id=\"panel-gb917-6a01cda68ced5-3-0-0\" class=\"so-panel widget widget_themegrill_flash_heading tg-widget section-title-wrapper panel-first-child panel-last-child\" data-index=\"11\" ><div class=\"flash_inherit_color panel-widget-style panel-widget-style-for-gb917-6a01cda68ced5-3-0-0\" >\t<h3 class=\"section-title\">Crecimiento responsable<\/h3>\n\t<div class=\"section-description\">Buscamos que nuestro crecimiento empresarial sea equitativo y sostenible, teniendo en cuenta tanto el impacto social como el medioambiental.<\/div>\n<\/div><\/div><\/div><div id=\"pgc-gb917-6a01cda68ced5-3-1\"  class=\"panel-grid-cell\" ><div id=\"panel-gb917-6a01cda68ced5-3-1-0\" class=\"so-panel widget widget_themegrill_flash_heading tg-widget section-title-wrapper panel-first-child panel-last-child\" data-index=\"12\" ><div class=\"flash_inherit_color panel-widget-style panel-widget-style-for-gb917-6a01cda68ced5-3-1-0\" >\t<h3 class=\"section-title\">Transparencia<\/h3>\n\t<div class=\"section-description\">Mantenemos una comunicaci\u00f3n abierta y transparente con todas las partes interesadas, compartiendo informaci\u00f3n relevante sobre pr\u00e1cticas sostenibles y objetivos de la empresa.<\/div>\n<\/div><\/div><\/div><div id=\"pgc-gb917-6a01cda68ced5-3-2\"  class=\"panel-grid-cell\" ><div id=\"panel-gb917-6a01cda68ced5-3-2-0\" class=\"so-panel widget widget_themegrill_flash_heading tg-widget section-title-wrapper panel-first-child panel-last-child\" data-index=\"13\" ><div class=\"flash_inherit_color panel-widget-style panel-widget-style-for-gb917-6a01cda68ced5-3-2-0\" >\t<h3 class=\"section-title\">Adaptabilidad<\/h3>\n\t<div class=\"section-description\">Nos adaptamos a las cambiantes demandas del mercado y las innovaciones tecnol\u00f3gicas<\/div>\n<\/div><\/div><\/div><\/div><\/div>","protected":false},"excerpt":{"rendered":"<p>Damos forma a un futuro sostenible desde el 1 de diciembre de 2021. Nos dedicamos a la producci\u00f3n industrial y [&hellip;]<\/p>\n","protected":false},"author":1,"featured_media":0,"parent":0,"menu_order":0,"comment_status":"closed","ping_status":"closed","template":"","meta":{"footnotes":""},"class_list":["post-917","page","type-page","status-publish","hentry"],"yoast_head":"<!-- This site is optimized with the Yoast SEO plugin v27.5 - https:\/\/yoast.com\/product\/yoast-seo-wordpress\/ -->\n<title>\u00bfQuienes Somos? - Alarco<\/title>\n<meta name=\"robots\" content=\"index, follow, max-snippet:-1, max-image-preview:large, max-video-preview:-1\" \/>\n<link rel=\"canonical\" href=\"https:\/\/alarcosrl.com\/index.php\/sobrenosotros\/\" \/>\n<meta property=\"og:locale\" content=\"en_US\" \/>\n<meta property=\"og:type\" content=\"article\" \/>\n<meta property=\"og:title\" content=\"\u00bfQuienes Somos? - Alarco\" \/>\n<meta property=\"og:description\" content=\"Damos forma a un futuro sostenible desde el 1 de diciembre de 2021. Nos dedicamos a la producci\u00f3n industrial y [&hellip;]\" \/>\n<meta property=\"og:url\" content=\"https:\/\/alarcosrl.com\/index.php\/sobrenosotros\/\" \/>\n<meta property=\"og:site_name\" content=\"Alarco\" \/>\n<meta property=\"article:publisher\" content=\"https:\/\/www.facebook.com\/alarcosrlcuba\" \/>\n<meta property=\"article:modified_time\" content=\"2023-10-04T02:40:24+00:00\" \/>\n<meta name=\"twitter:card\" content=\"summary_large_image\" \/>\n<meta name=\"twitter:label1\" content=\"Est. reading time\" \/>\n\t<meta name=\"twitter:data1\" content=\"2 minutes\" \/>\n<script type=\"application\/ld+json\" class=\"yoast-schema-graph\">{\"@context\":\"https:\\\/\\\/schema.org\",\"@graph\":[{\"@type\":\"WebPage\",\"@id\":\"https:\\\/\\\/alarcosrl.com\\\/index.php\\\/sobrenosotros\\\/\",\"url\":\"https:\\\/\\\/alarcosrl.com\\\/index.php\\\/sobrenosotros\\\/\",\"name\":\"\u00bfQuienes Somos? - Alarco\",\"isPartOf\":{\"@id\":\"https:\\\/\\\/alarcosrl.com\\\/#website\"},\"datePublished\":\"2023-10-03T23:09:47+00:00\",\"dateModified\":\"2023-10-04T02:40:24+00:00\",\"breadcrumb\":{\"@id\":\"https:\\\/\\\/alarcosrl.com\\\/index.php\\\/sobrenosotros\\\/#breadcrumb\"},\"inLanguage\":\"en-US\",\"potentialAction\":[{\"@type\":\"ReadAction\",\"target\":[\"https:\\\/\\\/alarcosrl.com\\\/index.php\\\/sobrenosotros\\\/\"]}]},{\"@type\":\"BreadcrumbList\",\"@id\":\"https:\\\/\\\/alarcosrl.com\\\/index.php\\\/sobrenosotros\\\/#breadcrumb\",\"itemListElement\":[{\"@type\":\"ListItem\",\"position\":1,\"name\":\"Portada\",\"item\":\"https:\\\/\\\/alarcosrl.com\\\/\"},{\"@type\":\"ListItem\",\"position\":2,\"name\":\"\u00bfQuienes Somos?\"}]},{\"@type\":\"WebSite\",\"@id\":\"https:\\\/\\\/alarcosrl.com\\\/#website\",\"url\":\"https:\\\/\\\/alarcosrl.com\\\/\",\"name\":\"Alarco SRL\",\"description\":\"Somos la empresa l\u00edder en la producci\u00f3n y comercializaci\u00f3n industrial de envases y embalajes en Cuba. Producimos con papel biodegradables y pl\u00e1stico reciclado, producimos artes gr\u00e1ficas, productos qu\u00edmicos y textiles, estableciendo un est\u00e1ndar de excelencia inquebrantable.\",\"publisher\":{\"@id\":\"https:\\\/\\\/alarcosrl.com\\\/#organization\"},\"alternateName\":\"alarcosrlcuba\",\"potentialAction\":[{\"@type\":\"SearchAction\",\"target\":{\"@type\":\"EntryPoint\",\"urlTemplate\":\"https:\\\/\\\/alarcosrl.com\\\/?s={search_term_string}\"},\"query-input\":{\"@type\":\"PropertyValueSpecification\",\"valueRequired\":true,\"valueName\":\"search_term_string\"}}],\"inLanguage\":\"en-US\"},{\"@type\":\"Organization\",\"@id\":\"https:\\\/\\\/alarcosrl.com\\\/#organization\",\"name\":\"Alarco SRL\",\"url\":\"https:\\\/\\\/alarcosrl.com\\\/\",\"logo\":{\"@type\":\"ImageObject\",\"inLanguage\":\"en-US\",\"@id\":\"https:\\\/\\\/alarcosrl.com\\\/#\\\/schema\\\/logo\\\/image\\\/\",\"url\":\"https:\\\/\\\/alarcosrl.com\\\/wp-content\\\/uploads\\\/2023\\\/10\\\/cropped-LogoAlarco-1.png\",\"contentUrl\":\"https:\\\/\\\/alarcosrl.com\\\/wp-content\\\/uploads\\\/2023\\\/10\\\/cropped-LogoAlarco-1.png\",\"width\":100,\"height\":100,\"caption\":\"Alarco SRL\"},\"image\":{\"@id\":\"https:\\\/\\\/alarcosrl.com\\\/#\\\/schema\\\/logo\\\/image\\\/\"},\"sameAs\":[\"https:\\\/\\\/www.facebook.com\\\/alarcosrlcuba\",\"https:\\\/\\\/www.instagram.com\\\/alarcosrlcuba\"]}]}<\/script>\n<!-- \/ Yoast SEO plugin. -->","yoast_head_json":{"title":"\u00bfQuienes Somos? - Alarco","robots":{"index":"index","follow":"follow","max-snippet":"max-snippet:-1","max-image-preview":"max-image-preview:large","max-video-preview":"max-video-preview:-1"},"canonical":"https:\/\/alarcosrl.com\/index.php\/sobrenosotros\/","og_locale":"en_US","og_type":"article","og_title":"\u00bfQuienes Somos? - Alarco","og_description":"Damos forma a un futuro sostenible desde el 1 de diciembre de 2021. Nos dedicamos a la producci\u00f3n industrial y [&hellip;]","og_url":"https:\/\/alarcosrl.com\/index.php\/sobrenosotros\/","og_site_name":"Alarco","article_publisher":"https:\/\/www.facebook.com\/alarcosrlcuba","article_modified_time":"2023-10-04T02:40:24+00:00","twitter_card":"summary_large_image","twitter_misc":{"Est. reading time":"2 minutes"},"schema":{"@context":"https:\/\/schema.org","@graph":[{"@type":"WebPage","@id":"https:\/\/alarcosrl.com\/index.php\/sobrenosotros\/","url":"https:\/\/alarcosrl.com\/index.php\/sobrenosotros\/","name":"\u00bfQuienes Somos? - Alarco","isPartOf":{"@id":"https:\/\/alarcosrl.com\/#website"},"datePublished":"2023-10-03T23:09:47+00:00","dateModified":"2023-10-04T02:40:24+00:00","breadcrumb":{"@id":"https:\/\/alarcosrl.com\/index.php\/sobrenosotros\/#breadcrumb"},"inLanguage":"en-US","potentialAction":[{"@type":"ReadAction","target":["https:\/\/alarcosrl.com\/index.php\/sobrenosotros\/"]}]},{"@type":"BreadcrumbList","@id":"https:\/\/alarcosrl.com\/index.php\/sobrenosotros\/#breadcrumb","itemListElement":[{"@type":"ListItem","position":1,"name":"Portada","item":"https:\/\/alarcosrl.com\/"},{"@type":"ListItem","position":2,"name":"\u00bfQuienes Somos?"}]},{"@type":"WebSite","@id":"https:\/\/alarcosrl.com\/#website","url":"https:\/\/alarcosrl.com\/","name":"Alarco SRL","description":"Somos la empresa l\u00edder en la producci\u00f3n y comercializaci\u00f3n industrial de envases y embalajes en Cuba. Producimos con papel biodegradables y pl\u00e1stico reciclado, producimos artes gr\u00e1ficas, productos qu\u00edmicos y textiles, estableciendo un est\u00e1ndar de excelencia inquebrantable.","publisher":{"@id":"https:\/\/alarcosrl.com\/#organization"},"alternateName":"alarcosrlcuba","potentialAction":[{"@type":"SearchAction","target":{"@type":"EntryPoint","urlTemplate":"https:\/\/alarcosrl.com\/?s={search_term_string}"},"query-input":{"@type":"PropertyValueSpecification","valueRequired":true,"valueName":"search_term_string"}}],"inLanguage":"en-US"},{"@type":"Organization","@id":"https:\/\/alarcosrl.com\/#organization","name":"Alarco SRL","url":"https:\/\/alarcosrl.com\/","logo":{"@type":"ImageObject","inLanguage":"en-US","@id":"https:\/\/alarcosrl.com\/#\/schema\/logo\/image\/","url":"https:\/\/alarcosrl.com\/wp-content\/uploads\/2023\/10\/cropped-LogoAlarco-1.png","contentUrl":"https:\/\/alarcosrl.com\/wp-content\/uploads\/2023\/10\/cropped-LogoAlarco-1.png","width":100,"height":100,"caption":"Alarco SRL"},"image":{"@id":"https:\/\/alarcosrl.com\/#\/schema\/logo\/image\/"},"sameAs":["https:\/\/www.facebook.com\/alarcosrlcuba","https:\/\/www.instagram.com\/alarcosrlcuba"]}]}},"_links":{"self":[{"href":"https:\/\/alarcosrl.com\/index.php\/wp-json\/wp\/v2\/pages\/917","targetHints":{"allow":["GET"]}}],"collection":[{"href":"https:\/\/alarcosrl.com\/index.php\/wp-json\/wp\/v2\/pages"}],"about":[{"href":"https:\/\/alarcosrl.com\/index.php\/wp-json\/wp\/v2\/types\/page"}],"author":[{"embeddable":true,"href":"https:\/\/alarcosrl.com\/index.php\/wp-json\/wp\/v2\/users\/1"}],"replies":[{"embeddable":true,"href":"https:\/\/alarcosrl.com\/index.php\/wp-json\/wp\/v2\/comments?post=917"}],"version-history":[{"count":8,"href":"https:\/\/alarcosrl.com\/index.php\/wp-json\/wp\/v2\/pages\/917\/revisions"}],"predecessor-version":[{"id":931,"href":"https:\/\/alarcosrl.com\/index.php\/wp-json\/wp\/v2\/pages\/917\/revisions\/931"}],"wp:attachment":[{"href":"https:\/\/alarcosrl.com\/index.php\/wp-json\/wp\/v2\/media?parent=917"}],"curies":[{"name":"wp","href":"https:\/\/api.w.org\/{rel}","templated":true}]}}